{"id":89,"date":"2017-11-02T16:42:16","date_gmt":"2017-11-02T16:42:16","guid":{"rendered":"http:\/\/www.arribera.es\/tienda\/?page_id=89"},"modified":"2017-11-02T17:00:05","modified_gmt":"2017-11-02T17:00:05","slug":"formas-y-gastos-de-envio","status":"publish","type":"page","link":"https:\/\/www.arribera.es\/tienda\/formas-y-gastos-de-envio\/","title":{"rendered":"Formas y gastos de env\u00edo"},"content":{"rendered":"<p><strong>FORMAS Y GASTOS DE ENV\u00cdO<\/strong><br \/>\nEl pedido se entregar\u00e1 en un plazo m\u00e1ximo de 4 d\u00edas h\u00e1biles desde que formalice su pedido.<br \/>\n<strong>Los gastos de env\u00edo son GRATUITOS para la pen\u00ednsula.<br \/>\n<\/strong>(para pedidos fuera de la pen\u00ednsula, p\u00f3ngase en contacto con nosotros)<br \/>\n(+34) 649 340 382 &#8211; info@arribera.es<\/p>\n<p>www.arribera.es entregar\u00e1 los pedidos en el plazo indicado una vez haya recibido el ingreso del cliente o haya aceptado otro medio de pago. www.arribera.es no se har\u00e1 responsable de los retrasos provocados por terceros ni de los perjuicios derivados de los mismos.<br \/>\nLos precios est\u00e1n permanentemente actualizados. En cualquier momento, antes del env\u00edo del pedido el cliente tendr\u00e1 derecho a devolver una parte o el total de un pedido sin ning\u00fan coste. Se le abonar\u00e1 el dinero en la cuenta indicada en el plazo m\u00e1ximo de 5 d\u00edas h\u00e1biles.<br \/>\nSi el pedido ya ha sido enviado, el cliente podr\u00e1 devolverlo de acuerdo con los plazos establecidos por la ley, en virtud de lo dispuesto en la Ley de Ordenaci\u00f3n del Comercio Minorista as\u00ed como en lo regulado por la normativa comunitaria (Directiva 97\/7\/CE). El plazo de devoluci\u00f3n ser\u00e1 de 14 d\u00edas h\u00e1biles desde la recepci\u00f3n de la mercanc\u00eda, y se deber\u00e1 devolver en perfecto estado. Si la devoluci\u00f3n no se hiciera con su embalaje original, el bien podr\u00e1 sufrir depreciaci\u00f3n. www.arribera.es abonar\u00e1 el importe del pedido una vez haya comprobado que la mercanc\u00eda cumple las condiciones anteriores.<\/p>\n<p>Descarga formulario desistimiento: Formulario, <a href=\"http:\/\/www.arribera.es\/tienda\/wp-content\/uploads\/2017\/11\/FormularioDeDesistimiento.pdf\" target=\"_blank\">descargar aqu\u00ed<\/a><\/p>\n<p>En caso de una entrega de un producto defectuoso o equivocado, arribera.es proceder\u00e1, a la sustituci\u00f3n, gestiones que ser\u00e1n gratuitas para el cliente.<\/p>\n<p>El cliente, deber\u00e1 informar al vendedor arribera.es de conformidad en el plazo de 14 d\u00edas h\u00e1biles desde que tuvo conocimiento de ella.<\/p>\n<p>En caso de que el producto llegara da\u00f1ado por el transporte, arribera.es lo reemplazar\u00e1 sin coste adicional para el cliente; se deber\u00e1 comunicar la incidencia en el mismo recibo de entrega del transporte, indicando si el paquete est\u00e1 da\u00f1ado o abierto. De este modo ser\u00e1 la empresa de transporte la que correr\u00e1 con los gastos del producto da\u00f1ado, siendo imprescindible que esta informaci\u00f3n quede reflejada en el albar\u00e1n que le har\u00e1 firmar el repartidor.<\/p>\n<p>&nbsp;<\/p>\n","protected":false},"excerpt":{"rendered":"<p>FORMAS Y GASTOS DE ENV\u00cdO El pedido se entregar\u00e1 en un plazo m\u00e1ximo de 4 d\u00edas h\u00e1biles desde que formalice su pedido. Los gastos de env\u00edo son GRATUITOS para la pen\u00ednsula. (para pedidos fuera de la pen\u00ednsula, p\u00f3ngase en contacto con nosotros) (+34) 649 340 382 &#8211; info@arribera.es www.arribera.es entregar\u00e1 los pedidos en el plazo indicado una vez haya recibido el ingreso del cliente o haya aceptado otro medio de pago. www.arribera.es no se har\u00e1 responsable de los retrasos provocados por terceros ni de los perjuicios derivados de los mismos. Los precios est\u00e1n permanentemente actualizados. En cualquier momento, antes del env\u00edo del pedido el cliente tendr\u00e1 derecho a devolver una parte o el total de un pedido sin ning\u00fan coste. Se le abonar\u00e1 el dinero en la cuenta indicada en el plazo m\u00e1ximo de 5 d\u00edas h\u00e1biles. Si el pedido ya ha sido enviado, el cliente podr\u00e1 devolverlo de acuerdo con los plazos establecidos por la ley, en virtud de lo dispuesto en la Ley de Ordenaci\u00f3n del Comercio Minorista as\u00ed como en lo regulado por la normativa comunitaria (Directiva 97\/7\/CE). El plazo de devoluci\u00f3n ser\u00e1 de 14 d\u00edas h\u00e1biles desde la recepci\u00f3n de la mercanc\u00eda, y se deber\u00e1 devolver en perfecto estado. Si la devoluci\u00f3n no se hiciera con su embalaje original, el bien podr\u00e1 sufrir depreciaci\u00f3n. www.arribera.es abonar\u00e1 el importe del pedido una vez haya comprobado que la mercanc\u00eda cumple las condiciones anteriores. Descarga formulario desistimiento: Formulario, descargar aqu\u00ed En caso de una entrega de un producto defectuoso o equivocado, arribera.es proceder\u00e1, a la sustituci\u00f3n, gestiones que ser\u00e1n gratuitas para el cliente. El cliente, deber\u00e1 informar al vendedor arribera.es de conformidad en el plazo de 14 d\u00edas h\u00e1biles desde que tuvo conocimiento de ella. En caso de que el producto llegara da\u00f1ado por el transporte, arribera.es lo reemplazar\u00e1 sin coste adicional para el cliente; se deber\u00e1 comunicar la incidencia en el mismo recibo de entrega del transporte, indicando si el paquete est\u00e1 da\u00f1ado o abierto. De este modo ser\u00e1 la empresa de transporte la que correr\u00e1 con los gastos del producto da\u00f1ado, siendo imprescindible que esta informaci\u00f3n quede reflejada en el albar\u00e1n que le har\u00e1 firmar el repartidor. &nbsp;<\/p>\n","protected":false},"author":1,"featured_media":0,"parent":0,"menu_order":0,"comment_status":"closed","ping_status":"closed","template":"","meta":{"footnotes":""},"class_list":["post-89","page","type-page","status-publish","hentry"],"_links":{"self":[{"href":"https:\/\/www.arribera.es\/tienda\/wp-json\/wp\/v2\/pages\/89","targetHints":{"allow":["GET"]}}],"collection":[{"href":"https:\/\/www.arribera.es\/tienda\/wp-json\/wp\/v2\/pages"}],"about":[{"href":"https:\/\/www.arribera.es\/tienda\/wp-json\/wp\/v2\/types\/page"}],"author":[{"embeddable":true,"href":"https:\/\/www.arribera.es\/tienda\/wp-json\/wp\/v2\/users\/1"}],"replies":[{"embeddable":true,"href":"https:\/\/www.arribera.es\/tienda\/wp-json\/wp\/v2\/comments?post=89"}],"version-history":[{"count":6,"href":"https:\/\/www.arribera.es\/tienda\/wp-json\/wp\/v2\/pages\/89\/revisions"}],"predecessor-version":[{"id":98,"href":"https:\/\/www.arribera.es\/tienda\/wp-json\/wp\/v2\/pages\/89\/revisions\/98"}],"wp:attachment":[{"href":"https:\/\/www.arribera.es\/tienda\/wp-json\/wp\/v2\/media?parent=89"}],"curies":[{"name":"wp","href":"https:\/\/api.w.org\/{rel}","templated":true}]}}