{"id":1407,"date":"2025-09-05T08:42:38","date_gmt":"2025-09-05T08:42:38","guid":{"rendered":"https:\/\/www.arribera.es\/tienda\/?post_type=product&#038;p=1407"},"modified":"2025-09-05T18:24:38","modified_gmt":"2025-09-05T18:24:38","slug":"abade-250-ml-aceite-de-oliva-virgen-extra-ecologico-caja-de-12-unidades-tintada-amarillo","status":"publish","type":"product","link":"https:\/\/www.arribera.es\/tienda\/producto\/abade-250-ml-aceite-de-oliva-virgen-extra-ecologico-caja-de-12-unidades-tintada-amarillo\/","title":{"rendered":"Abade 250 ml Aceite de Oliva Virgen Extra Ecol\u00f3gico &#8211; Caja de 12 unidades &#8211; (tintada AMARILLO)"},"content":{"rendered":"<p>Nuestro ACEITE VIRGEN EXTRA ECOL\u00d3GICO \u201cABADE\u201d se elabora mediante extracci\u00f3n en fr\u00edo (menos de 27\u00ba C), obteniendo un aceite de m\u00e1xima calidad.<\/p>\n<p>Debido a la recolecci\u00f3n temprana en \u201cENVERO\u201d (cambio de color de verde a negro), conserva el aroma y frescor, cuyos aromas y sabores nos recuerdan a hierba fresca, tomatera,&#8230;<\/p>\n<p>La aceituna con la que elaboramos este zumo de aceituna procede de olivares ecol\u00f3gicos certificados por el Consejo de Agricultura Ecol\u00f3gica de Castilla y Le\u00f3n CAECYL.<\/p>\n<p>La variedad aut\u00f3ctona de la zona se llama ZORZAL DE ARRIBES.<\/p>\n<p>ABADE ha sido galardonado a la MEDALLA DE ORO y MEDALLA DE PLATA en los premios CINVE INTERNACIONAL 2015 y 2016.<\/p>\n<p><strong>Envase de vidrio de 250 ml. Botella GRANDOLIO<\/strong> de Boca Roscada \u00a0Negro Ib\u00e9rico (protege al aceite de las radiaciones UV).<\/p>\n<p>Al\u00e9rgenos: Se conocen las alergias a la flor del olivo y a la aceituna. No se conocen al\u00e9rgenos propios del aceite de oliva virgen extra.<\/p>\n<p>Consumo preferente: El aceite de oliva virgen extra no tiene fecha de caducidad. Se etiqueta con dos a\u00f1os de consumo preferente desde la fecha de envasado.<\/p>\n<p><strong>Botella 250 ml\u00a0 \u00a0 \u00a0 \u00a0 \u00a0 \u00a0 \u00a0 \u00a0 \u00a0 \u00a0 \u00a0 \u00a0528 g peso total<\/strong><\/p>\n<p>Portes a la Espa\u00f1a peninsular incluidos. Resto consultar.<\/p>\n","protected":false},"excerpt":{"rendered":"<p>Botella 250 ml\u00a0 \u00a0 \u00a0 \u00a0 \u00a0 \u00a0 \u00a0 \u00a0 \u00a0 \u00a0 528 g peso total<\/p>\n","protected":false},"featured_media":1391,"comment_status":"open","ping_status":"closed","template":"","meta":[],"product_brand":[],"product_cat":[9],"product_tag":[],"class_list":{"0":"post-1407","1":"product","2":"type-product","3":"status-publish","4":"has-post-thumbnail","6":"product_cat-aceite-de-oliva-ecologico-virgen-extra","8":"first","9":"instock","10":"taxable","11":"shipping-taxable","12":"purchasable","13":"product-type-simple"},"composite_layout":"","composite_components":[],"composite_scenarios":[],"_links":{"self":[{"href":"https:\/\/www.arribera.es\/tienda\/wp-json\/wp\/v2\/product\/1407","targetHints":{"allow":["GET"]}}],"collection":[{"href":"https:\/\/www.arribera.es\/tienda\/wp-json\/wp\/v2\/product"}],"about":[{"href":"https:\/\/www.arribera.es\/tienda\/wp-json\/wp\/v2\/types\/product"}],"replies":[{"embeddable":true,"href":"https:\/\/www.arribera.es\/tienda\/wp-json\/wp\/v2\/comments?post=1407"}],"wp:featuredmedia":[{"embeddable":true,"href":"https:\/\/www.arribera.es\/tienda\/wp-json\/wp\/v2\/media\/1391"}],"wp:attachment":[{"href":"https:\/\/www.arribera.es\/tienda\/wp-json\/wp\/v2\/media?parent=1407"}],"wp:term":[{"taxonomy":"product_brand","embeddable":true,"href":"https:\/\/www.arribera.es\/tienda\/wp-json\/wp\/v2\/product_brand?post=1407"},{"taxonomy":"product_cat","embeddable":true,"href":"https:\/\/www.arribera.es\/tienda\/wp-json\/wp\/v2\/product_cat?post=1407"},{"taxonomy":"product_tag","embeddable":true,"href":"https:\/\/www.arribera.es\/tienda\/wp-json\/wp\/v2\/product_tag?post=1407"}],"curies":[{"name":"wp","href":"https:\/\/api.w.org\/{rel}","templated":true}]}}